{"id":5165,"date":"2023-01-20T08:47:53","date_gmt":"2023-01-20T08:47:53","guid":{"rendered":"https:\/\/www.luxor-brushes.com\/site\/general-terms-and-conditions-of-sale\/"},"modified":"2024-06-17T16:06:12","modified_gmt":"2024-06-17T16:06:12","slug":"condizioni-vendita","status":"publish","type":"page","link":"https:\/\/www.luxor-brushes.com\/it\/condizioni-vendita\/","title":{"rendered":"Condizioni generali di Vendita"},"content":{"rendered":"<div class=\"fusion-fullwidth fullwidth-box fusion-builder-row-1 fusion-flex-container nonhundred-percent-fullwidth non-hundred-percent-height-scrolling\" style=\"--awb-border-radius-top-left:0px;--awb-border-radius-top-right:0px;--awb-border-radius-bottom-right:0px;--awb-border-radius-bottom-left:0px;--awb-flex-wrap:wrap;\" ><div class=\"fusion-builder-row fusion-row fusion-flex-align-items-flex-start fusion-flex-content-wrap\" style=\"max-width:1331.2px;margin-left: calc(-4% \/ 2 );margin-right: calc(-4% \/ 2 );\"><div class=\"fusion-layout-column fusion_builder_column fusion-builder-column-0 fusion_builder_column_1_1 1_1 fusion-flex-column\" style=\"--awb-bg-size:cover;--awb-width-large:100%;--awb-margin-top-large:0px;--awb-spacing-right-large:1.92%;--awb-margin-bottom-large:0px;--awb-spacing-left-large:1.92%;--awb-width-medium:100%;--awb-spacing-right-medium:1.92%;--awb-spacing-left-medium:1.92%;--awb-width-small:100%;--awb-spacing-right-small:1.92%;--awb-spacing-left-small:1.92%;\"><div class=\"fusion-column-wrapper fusion-flex-justify-content-flex-start fusion-content-layout-column\"><div class=\"fusion-text fusion-text-1\"><p><b>Art. 1 Ambito di applicazione<\/b><\/p>\n<p>Le presenti Condizioni Generali di vendita disciplinano tutti i rapporti di fornitura fra <em>Luxor Cleaning S.r.l.<\/em> (di seguito denominata anche Venditore o Produttore) e l\u2019Acquirente (di seguito denominato anche Cliente o Compratore). Tutte le vendite sono subordinate alle presenti condizioni generali di vendita, che prevalgono su qualsiasi altra condizione e\/o pratica commerciale. Anche in caso di deroghe concordate per iscritto fra il Venditore ed il Compratore, le presenti condizioni continueranno ad applicarsi per le parti non espressamente derogate. Eventuali condizioni generali d\u2019acquisto redatte dall\u2019Acquirente non troveranno applicazione nei rapporti fra le parti se non espressamente accettate per iscritto da <em>Luxor Cleaning S.r.l.<\/em> ed in ogni caso non invalideranno l&#8217;efficacia delle presenti Condizioni Generali, con cui dovranno essere coordinate.<\/p>\n<p><b>Art. 2 Formazione del contratto<\/b><\/p>\n<p>L\u2019accettazione da parte dell\u2019Acquirente dell\u2019offerta o la conferma dell\u2019ordine da parte di <em>Luxor Cleaning S.r.l.<\/em>, in qualunque modo effettuate, comportano<span class=\"Apple-converted-space\">\u00a0 <\/span>la conoscenza e l\u2019applicazione delle presenti Condizioni Generali di Vendita.<\/p>\n<p>Le offerte formulate da agenti, rappresentanti e\/o ausiliari di commercio di <em>Luxor Cleaning S.r.l.<\/em> non sono impegnative e vincolanti per quest\u2019ultima<span class=\"Apple-converted-space\">\u00a0 <\/span>fino a quando non siano confermate per iscritto dalla stessa <em>Luxor Cleaning S.r.l.<\/em><\/p>\n<p>Le offerte di vendita formulate o confermate da <em>Luxor Cleaning S.r.l.<\/em>\u00a0hanno una validit\u00e0 di 30 giorni decorrenti dalla formulazione delle stesse e limitatamente all\u2019integrale fornitura di quanto nelle stesse quotato. Decorso il suddetto termine l\u2019offerta di vendita non avr\u00e0 pi\u00f9 alcuna validit\u00e0.<\/p>\n<p><b>Art. 3 Dati inerenti la fornitura<\/b><\/p>\n<p>I dati tecnici relativi ai prodotti forniti ed indicati nei cataloghi, nei listini, nelle circolari o in altri documenti illustrativi, redatti da <em>Luxor Cleaning S.r.l.<\/em>, cos\u00ec come le caratteristiche dei campioni, hanno carattere meramente indicativo e non hanno natura vincolante, tranne nelle ipotesi in cui gli stessi vengano indicati come tali nell&#8217;offerta di vendita o nella conferma d\u2019ordine.<\/p>\n<p><em>Luxor Cleaning S.r.l.<\/em> si riserva comunque il diritto di modificare in qualunque momento le caratteristiche ed i particolari dei propri prodotti al fine di migliorarne le prestazioni.<\/p>\n<p><b>Art. 4 Prezzi e pagamenti<\/b><\/p>\n<p>I prezzi dei prodotti si riferiscono al listino prezzi in vigore al momento dell\u2019accettazione dell\u2019offerta di vendita da parte dell\u2019Acquirente o all\u2019emissione della conferma d\u2019ordine da parte di <em>Luxor Cleaning S.r.l.<\/em><\/p>\n<p><em>Luxor Cleaning S.r.l.<\/em> si riserva il diritto di modificare in qualsiasi momento il listino prezzi in vigore, previa comunicazione scritta all\u2019Acquirente, nell\u2019eventualit\u00e0 in cui si verifichino aumenti di costo delle materie prime, della mano d\u2019opera o di qualsiasi altro fattore che determini un aumento rilevante dei costi di produzione.<\/p>\n<p>I prezzi dei prodotti s\u2019intendono<span class=\"Apple-converted-space\">\u00a0 <\/span>sempre<span class=\"Apple-converted-space\">\u00a0 <\/span>Franco Fabbrica, fatti salvi diversi accordi scritti intercorsi tra le parti.<\/p>\n<p>I pagamenti dovranno essere effettuati in conformit\u00e0 alle relative indicazioni contenute nell\u2019offerta di vendita o nella conferma d\u2019ordine.<\/p>\n<p>I pagamenti ed ogni altra somma dovuta a qualsiasi titolo a <em>Luxor Cleaning S.r.l.<\/em> dovranno essere effettuati al domicilio della medesima. Eventuali pagamenti fatti ad agenti, rappresentanti o ausiliari di commercio di <em>Luxor Cleaning S.r.l.<\/em> non si intendono effettuati, e pertanto non liberano l\u2019acquirente dalla sua obbligazione, finch\u00e9 le relative somme non pervengono alla medesima. Salvo patto contrario, i pagamenti verranno effettuati in Euro.<\/p>\n<p>Qualsiasi ritardo o irregolarit\u00e0 nei pagamenti attribuisce a <em>Luxor Cleaning S.r.l.<\/em> il diritto di:<\/p>\n<ol>\n<li>sospendere le forniture in corso, anche se non relative al pagamento in questione;<\/li>\n<li>variare le modalit\u00e0 di pagamento e di sconto per le forniture successive, anche richiedendo il pagamento anticipato o l\u2019emissione di ulteriori garanzie;<\/li>\n<li>richiedere, a decorrere dalla data di scadenza prevista per il pagamento e senza necessit\u00e0 di formale messa in mora, gli interessi moratori sulla somma ancora dovuta, nella misura del tasso previsto dalle norme di legge attualmente in vigore per le transazioni commerciali (in particolare il D.lgs. 231\/2002 e successive integrazioni), fatta salva in ogni caso la facolt\u00e0 di <em>Luxor Cleaning S.r.l.<\/em> di chiedere il risarcimento del maggior danno subito.<\/li>\n<\/ol>\n<p>Inoltre, nei suddetti casi, ogni somma dovuta a qualsiasi titolo a <em>Luxor Cleaning S.r.l.<\/em> diventa immediatamente esigibile. L\u2019Acquirente sar\u00e0 tenuto al pagamento integrale dei prodotti anche nel caso in cui sorgano eccezioni, contestazioni o controversie che verranno definite solo successivamente alla corresponsione di quanto dovuto.<\/p>\n<p>L\u2019acquirente rinuncia preventivamente a chiedere la compensazione con eventuali crediti, comunque originatisi, nei confronti di <em>Luxor Cleaning S.r.l.<\/em><\/p>\n<p><b>Art. 5 Riserva di propriet\u00e0<\/b><\/p>\n<p>I prodotti consegnati restano di propriet\u00e0 di <em>Luxor Cleaning S.r.l.<\/em> sino al momento del completo ed integrale pagamento.<\/p>\n<p><b>Art. 6 Termini di consegna<\/b><\/p>\n<p>I termini di consegna indicati nell\u2019offerta e\/o nella conferma d\u2019ordine hanno carattere puramente indicativo e non impegnativo. In nessun caso <em>Luxor Cleaning S.r.l.<\/em> potr\u00e0 essere ritenuta responsabile e obbligata a corrispondere indennizzi per eventuali ritardi nella consegna dei prodotti rispetto ai termini indicati nell\u2019offerta e\/o nella conferma d\u2019ordine.<\/p>\n<p>\u00c8 altres\u00ec esclusa qualsiasi responsabilit\u00e0 di <em>Luxor Cleaning S.r.l.<\/em> per eventuali danni derivanti dalla anticipata o ritardata consegna, o dalla parziale esecuzione del contratto.<\/p>\n<p>La merce, anche se venduta o spedita porto franco, viaggia sempre ad esclusivo rischio e per conto del Compratore.<\/p>\n<p>Ogni ritardo nel pagamento costituisce inadempienza e d\u00e0 facolt\u00e0 al Venditore di sospendere le forniture.<\/p>\n<p><b>Art. 7 Ritardi<\/b><\/p>\n<p><em>Luxor Cleaning S.r.l.<\/em> non sar\u00e0 responsabile per il mancato puntuale rispetto dei suoi obblighi contrattuali nella misura in cui tale inadempimento derivi, direttamente o indirettamente, da:<\/p>\n<ol>\n<li>cause a lei non imputabili e\/o cause di forza maggiore;<\/li>\n<li>azioni (od omissioni) dell\u2019Acquirente ivi comprese la mancata trasmissione delle informazioni e delle approvazioni necessarie a <em>Luxor Cleaning S.r.l.<\/em> per procedere con il proprio lavoro e la conseguente fornitura dei prodotti;<\/li>\n<li>mancato rispetto dei termini di pagamento da parte dell\u2019Acquirente;<\/li>\n<li>impossibilit\u00e0 di ottenere i materiali, i componenti o i servizi necessari all\u2019esecuzione del lavoro e alla fornitura dei prodotti.<\/li>\n<\/ol>\n<p><b>Art. 8 Brevetti<\/b><\/p>\n<p>Luxor Cleaning S.n.c. non assume alcuna responsabilit\u00e0 per l\u2019eventuale violazione di diritti di propriet\u00e0 industriale di terzi e delle quali sar\u00e0 unicamente responsabile l\u2019Acquirente per tutti quei prodotti fabbricati su progetto, disegno, istruzioni, specifiche tecniche e marchi forniti dall\u2019Acquirente.<\/p>\n<p>L\u2019Acquirente si impegna e si obbliga a manlevare e tenere indenne <em>Luxor Cleaning S.r.l.<\/em> da ogni e qualsiasi responsabilit\u00e0 derivante da qualsiasi legittima rivendicazione da parte di terzi relativa ad eventuali contraffazioni o violazioni di diritti di propriet\u00e0 industriale per tutti quei prodotti fabbricati su progetto, disegno, istruzioni, specifiche tecniche e marchi forniti dall\u2019Acquirente. In caso di rivendicazione di terzi, l\u2019Acquirente dovr\u00e0 avvisare tempestivamente <em>Luxor Cleaning S.r.l.<\/em>\u00a0e fornire alla medesima ogni informazione ed assistenza utile alla contestazione della rivendicazione.<\/p>\n<p><b>Art. 9 Reclami e resi<\/b><\/p>\n<p><em>Luxor Cleaning S.r.l. <\/em>declina ogni responsabilit\u00e0 nel caso in cui la merce non venga, trasportata, stoccata e\/o conservata in modo idoneo e corretto. Non si accettano reclami trascorsi 8 giorni dal ricevimento della merce. <em>Luxor Cleaning S.r.l. <\/em>non accetta resi se non preventivamente autorizzati per iscritto.<\/p>\n<p><b>Art. 10 Riservatezza<\/b><\/p>\n<p>L\u2019Acquirente acconsente a trattare le informazioni, dati, disegni, know how, documentazioni, prezzi, offerte, conferme d\u2019ordine, ricevuti e\/o appresi da <em>Luxor Cleaning S.r.l.<\/em><strong>\u00a0<\/strong>come riservati.<\/p>\n<p><b>Art. 11 Legge applicabile e Foro competente<\/b><\/p>\n<p>Le presenti Condizioni Generali e i relativi contratti di fornitura saranno disciplinati dalla legge Italiana.<\/p>\n<p>Per ogni controversia relativa o in ogni caso collegata ai contratti cui si applicano le presenti Condizioni Generali, \u00e8 esclusivamente competente il foro di Pistoia, anche nel caso che il contratto sia stipulato altrove.<\/p>\n<p><b>Art. 12 Informativa ai sensi dell\u2019art. 13 del D.Lgs. 196\/2003 e dell\u2019Art.13 del Regolamento UE n.2019\/679 (GDPR)<\/b><\/p>\n<p><em>Luxor Cleaning S.r.l.<\/em>, titolare del trattamento, dichiara di trattare i dati dell\u2019Acquirente in suo possesso in accordo alle operazioni indicate all\u2019Art.4 Codice Privacy ed all\u2019Art.4 n.2 GDPR 2016\/679 e precisamente:<\/p>\n<ol>\n<li>adempimenti di obblighi amministrativi, gestionali, contabili, civilistici e fiscali;<span class=\"Apple-converted-space\">\u00a0<\/span><\/li>\n<li>organizzazione, conservazione, consultazione dei dati, quali ad esempio ragione sociale, Partita IVA, indirizzi, IBAN, nominativi e contatti relativi ai Suoi referenti.<\/li>\n<li>redazione della contabilit\u00e0 aziendale come ordini, spedizioni, fatture, pagamenti, dati relativi alla solvibilit\u00e0 dei clienti e recupero crediti.<\/li>\n<li>per finalit\u00e0 commerciali dell\u2019azienda.<\/li>\n<\/ol>\n<p>La base giuridica del trattamento dei Suoi dati personali \u00e8 rappresentata dalla necessit\u00e0 di dare esecuzione ad un contratto\/ordine\/richiesta del quale Lei \u00e8 parte interessata.<\/p>\n<p>Il conferimento dei Suoi dati e degli altri dati necessari all\u2019adempimento degli obblighi di legge \u00e8 facoltativo ma, l\u2019eventuale rifiuto di fornire tali dati potrebbe comportare la mancata o parziale esecuzione del contratto e la mancata prosecuzione del rapporto.<\/p>\n<p>Gli interessati possono esercitare i propri diritti secondo le disposizioni del GDPR 2016\/679 e del Codice Privacy in ogni momento, rivolgendosi a <em>Luxor Cleaning S.r.l.<\/em> inviando una richiesta a mezzo email all\u2019indirizzo <a href=\"mailto:info@luxor-brushes.com\">info@luxor-brushes.com<\/a><\/p>\n<p>Per una completa visione dell\u2019informativa per il trattamento dati personali si rimanda al sito <a href=\"http:\/\/www.luxor-brushes.com\/privacy-policy\">www.luxor-brushes.com\/privacy-policy<\/a><\/p>\n<\/div><\/div><\/div><\/div><\/div>\n","protected":false},"excerpt":{"rendered":"","protected":false},"author":1,"featured_media":0,"parent":0,"menu_order":0,"comment_status":"closed","ping_status":"closed","template":"100-width.php","meta":{"_acf_changed":false,"footnotes":""},"class_list":["post-5165","page","type-page","status-publish","hentry"],"acf":[],"yoast_head":"<!-- This site is optimized with the Yoast SEO plugin v27.3 - https:\/\/yoast.com\/product\/yoast-seo-wordpress\/ -->\n<title>Condizioni generali di Vendita - Luxor Brushes<\/title>\n<meta name=\"robots\" content=\"index, follow, max-snippet:-1, max-image-preview:large, max-video-preview:-1\" \/>\n<link rel=\"canonical\" href=\"https:\/\/www.luxor-brushes.com\/it\/condizioni-vendita\/\" \/>\n<meta property=\"og:locale\" content=\"it_IT\" \/>\n<meta property=\"og:type\" content=\"article\" \/>\n<meta property=\"og:title\" content=\"Condizioni generali di Vendita - Luxor Brushes\" \/>\n<meta property=\"og:url\" content=\"https:\/\/www.luxor-brushes.com\/it\/condizioni-vendita\/\" \/>\n<meta property=\"og:site_name\" content=\"Luxor Brushes\" \/>\n<meta property=\"article:modified_time\" content=\"2024-06-17T16:06:12+00:00\" \/>\n<meta name=\"twitter:card\" content=\"summary_large_image\" \/>\n<meta name=\"twitter:label1\" content=\"Tempo di lettura stimato\" \/>\n\t<meta name=\"twitter:data1\" content=\"7 minuti\" \/>\n<script type=\"application\/ld+json\" class=\"yoast-schema-graph\">{\"@context\":\"https:\\\/\\\/schema.org\",\"@graph\":[{\"@type\":\"WebPage\",\"@id\":\"https:\\\/\\\/www.luxor-brushes.com\\\/it\\\/condizioni-vendita\\\/\",\"url\":\"https:\\\/\\\/www.luxor-brushes.com\\\/it\\\/condizioni-vendita\\\/\",\"name\":\"Condizioni generali di Vendita - Luxor Brushes\",\"isPartOf\":{\"@id\":\"https:\\\/\\\/www.luxor-brushes.com\\\/it\\\/#website\"},\"datePublished\":\"2023-01-20T08:47:53+00:00\",\"dateModified\":\"2024-06-17T16:06:12+00:00\",\"breadcrumb\":{\"@id\":\"https:\\\/\\\/www.luxor-brushes.com\\\/it\\\/condizioni-vendita\\\/#breadcrumb\"},\"inLanguage\":\"it-IT\",\"potentialAction\":[{\"@type\":\"ReadAction\",\"target\":[\"https:\\\/\\\/www.luxor-brushes.com\\\/it\\\/condizioni-vendita\\\/\"]}]},{\"@type\":\"BreadcrumbList\",\"@id\":\"https:\\\/\\\/www.luxor-brushes.com\\\/it\\\/condizioni-vendita\\\/#breadcrumb\",\"itemListElement\":[{\"@type\":\"ListItem\",\"position\":1,\"name\":\"Home\",\"item\":\"https:\\\/\\\/www.luxor-brushes.com\\\/it\\\/\"},{\"@type\":\"ListItem\",\"position\":2,\"name\":\"Condizioni generali di Vendita\"}]},{\"@type\":\"WebSite\",\"@id\":\"https:\\\/\\\/www.luxor-brushes.com\\\/it\\\/#website\",\"url\":\"https:\\\/\\\/www.luxor-brushes.com\\\/it\\\/\",\"name\":\"Luxor Brushes\",\"description\":\"brooms Italian manufacture\",\"potentialAction\":[{\"@type\":\"SearchAction\",\"target\":{\"@type\":\"EntryPoint\",\"urlTemplate\":\"https:\\\/\\\/www.luxor-brushes.com\\\/it\\\/?s={search_term_string}\"},\"query-input\":{\"@type\":\"PropertyValueSpecification\",\"valueRequired\":true,\"valueName\":\"search_term_string\"}}],\"inLanguage\":\"it-IT\"}]}<\/script>\n<!-- \/ Yoast SEO plugin. -->","yoast_head_json":{"title":"Condizioni generali di Vendita - Luxor Brushes","robots":{"index":"index","follow":"follow","max-snippet":"max-snippet:-1","max-image-preview":"max-image-preview:large","max-video-preview":"max-video-preview:-1"},"canonical":"https:\/\/www.luxor-brushes.com\/it\/condizioni-vendita\/","og_locale":"it_IT","og_type":"article","og_title":"Condizioni generali di Vendita - Luxor Brushes","og_url":"https:\/\/www.luxor-brushes.com\/it\/condizioni-vendita\/","og_site_name":"Luxor Brushes","article_modified_time":"2024-06-17T16:06:12+00:00","twitter_card":"summary_large_image","twitter_misc":{"Tempo di lettura stimato":"7 minuti"},"schema":{"@context":"https:\/\/schema.org","@graph":[{"@type":"WebPage","@id":"https:\/\/www.luxor-brushes.com\/it\/condizioni-vendita\/","url":"https:\/\/www.luxor-brushes.com\/it\/condizioni-vendita\/","name":"Condizioni generali di Vendita - Luxor Brushes","isPartOf":{"@id":"https:\/\/www.luxor-brushes.com\/it\/#website"},"datePublished":"2023-01-20T08:47:53+00:00","dateModified":"2024-06-17T16:06:12+00:00","breadcrumb":{"@id":"https:\/\/www.luxor-brushes.com\/it\/condizioni-vendita\/#breadcrumb"},"inLanguage":"it-IT","potentialAction":[{"@type":"ReadAction","target":["https:\/\/www.luxor-brushes.com\/it\/condizioni-vendita\/"]}]},{"@type":"BreadcrumbList","@id":"https:\/\/www.luxor-brushes.com\/it\/condizioni-vendita\/#breadcrumb","itemListElement":[{"@type":"ListItem","position":1,"name":"Home","item":"https:\/\/www.luxor-brushes.com\/it\/"},{"@type":"ListItem","position":2,"name":"Condizioni generali di Vendita"}]},{"@type":"WebSite","@id":"https:\/\/www.luxor-brushes.com\/it\/#website","url":"https:\/\/www.luxor-brushes.com\/it\/","name":"Luxor Brushes","description":"brooms Italian manufacture","potentialAction":[{"@type":"SearchAction","target":{"@type":"EntryPoint","urlTemplate":"https:\/\/www.luxor-brushes.com\/it\/?s={search_term_string}"},"query-input":{"@type":"PropertyValueSpecification","valueRequired":true,"valueName":"search_term_string"}}],"inLanguage":"it-IT"}]}},"_links":{"self":[{"href":"https:\/\/www.luxor-brushes.com\/it\/wp-json\/wp\/v2\/pages\/5165","targetHints":{"allow":["GET"]}}],"collection":[{"href":"https:\/\/www.luxor-brushes.com\/it\/wp-json\/wp\/v2\/pages"}],"about":[{"href":"https:\/\/www.luxor-brushes.com\/it\/wp-json\/wp\/v2\/types\/page"}],"author":[{"embeddable":true,"href":"https:\/\/www.luxor-brushes.com\/it\/wp-json\/wp\/v2\/users\/1"}],"replies":[{"embeddable":true,"href":"https:\/\/www.luxor-brushes.com\/it\/wp-json\/wp\/v2\/comments?post=5165"}],"version-history":[{"count":8,"href":"https:\/\/www.luxor-brushes.com\/it\/wp-json\/wp\/v2\/pages\/5165\/revisions"}],"predecessor-version":[{"id":6166,"href":"https:\/\/www.luxor-brushes.com\/it\/wp-json\/wp\/v2\/pages\/5165\/revisions\/6166"}],"wp:attachment":[{"href":"https:\/\/www.luxor-brushes.com\/it\/wp-json\/wp\/v2\/media?parent=5165"}],"curies":[{"name":"wp","href":"https:\/\/api.w.org\/{rel}","templated":true}]}}